{"id":258,"date":"2018-01-22T10:17:40","date_gmt":"2018-01-22T14:17:40","guid":{"rendered":"http:\/\/ayuntamiento.o\/transparencia\/?page_id=258"},"modified":"2025-07-12T07:38:44","modified_gmt":"2025-07-12T11:38:44","slug":"responsable-de-acceso-a-la-informacion","status":"publish","type":"page","link":"https:\/\/juntadistritallaspalomas.gob.do\/transparencia\/responsable-de-acceso-a-la-informacion\/","title":{"rendered":"Responsable de Acceso a la Informaci\u00f3n"},"content":{"rendered":"\n<div class=\"wp-block-image\"><figure class=\"aligncenter size-large is-resized\"><img loading=\"lazy\" src=\"https:\/\/juntadistritallaspalomas.gob.do\/transparencia\/wp-content\/uploads\/2025\/07\/Foto-Encargada-12-07-2025-700x812.jpg\" alt=\"\" class=\"wp-image-1429\" width=\"175\" height=\"203\" title=\"Estephan\u00eda Desire Arias\" srcset=\"https:\/\/juntadistritallaspalomas.gob.do\/transparencia\/wp-content\/uploads\/2025\/07\/Foto-Encargada-12-07-2025-700x812.jpg 700w, https:\/\/juntadistritallaspalomas.gob.do\/transparencia\/wp-content\/uploads\/2025\/07\/Foto-Encargada-12-07-2025-250x290.jpg 250w, https:\/\/juntadistritallaspalomas.gob.do\/transparencia\/wp-content\/uploads\/2025\/07\/Foto-Encargada-12-07-2025-768x891.jpg 768w, https:\/\/juntadistritallaspalomas.gob.do\/transparencia\/wp-content\/uploads\/2025\/07\/Foto-Encargada-12-07-2025-120x139.jpg 120w, https:\/\/juntadistritallaspalomas.gob.do\/transparencia\/wp-content\/uploads\/2025\/07\/Foto-Encargada-12-07-2025.jpg 1286w\" sizes=\"(max-width: 175px) 100vw, 175px\" \/><\/figure><\/div>\n\n\n<p class=\"paragraph ng-attr-widget\"><strong>Responsable de Acceso a la Informaci\u00f3n<\/strong><\/p>\n<p><strong>Sra. Estephan\u00eda Desire Arias<\/strong><\/p>\n<p>Responsable de Libre Acceso a la Informaci\u00f3n Publica (RAI)<\/p>\n<p>Tel: (809) 612-2830<\/p>\n<p>Cel: (829) 723-2892<\/p>\n<p>Correo RAI: oai_jdlaspalomas@gmail.com<\/p>\n<p><strong>Correo Institucional:<\/strong><\/p>\n<p>juntadistritallaspalomasrd@gmail.com<\/p>\n<p><strong>Direcci\u00f3n: Calle Principal, Las Palomas, Licey Al Medio, Santiago, Rep. Dom.<\/strong><\/p>\n<p class=\"paragraph ng-attr-widget\">\u00a0<\/p>","protected":false},"excerpt":{"rendered":"Responsable de Acceso a la Informaci\u00f3n Sra. Estephan\u00eda Desire Arias Responsable de Libre Acceso a la Informaci\u00f3n Publica (RAI) Tel: (809) 612-2830 Cel: (829) 723-2892 Correo RAI: oai_jdlaspalomas@gmail.com Correo Institucional: juntadistritallaspalomasrd@gmail.com Direcci\u00f3n: Calle Principal, Las Palomas, Licey Al Medio, Santiago, Rep. Dom. \u00a0","protected":false},"author":4,"featured_media":0,"parent":0,"menu_order":0,"comment_status":"closed","ping_status":"closed","template":"","meta":[],"_links":{"self":[{"href":"https:\/\/juntadistritallaspalomas.gob.do\/transparencia\/wp-json\/wp\/v2\/pages\/258"}],"collection":[{"href":"https:\/\/juntadistritallaspalomas.gob.do\/transparencia\/wp-json\/wp\/v2\/pages"}],"about":[{"href":"https:\/\/juntadistritallaspalomas.gob.do\/transparencia\/wp-json\/wp\/v2\/types\/page"}],"author":[{"embeddable":true,"href":"https:\/\/juntadistritallaspalomas.gob.do\/transparencia\/wp-json\/wp\/v2\/users\/4"}],"replies":[{"embeddable":true,"href":"https:\/\/juntadistritallaspalomas.gob.do\/transparencia\/wp-json\/wp\/v2\/comments?post=258"}],"version-history":[{"count":7,"href":"https:\/\/juntadistritallaspalomas.gob.do\/transparencia\/wp-json\/wp\/v2\/pages\/258\/revisions"}],"predecessor-version":[{"id":1431,"href":"https:\/\/juntadistritallaspalomas.gob.do\/transparencia\/wp-json\/wp\/v2\/pages\/258\/revisions\/1431"}],"wp:attachment":[{"href":"https:\/\/juntadistritallaspalomas.gob.do\/transparencia\/wp-json\/wp\/v2\/media?parent=258"}],"curies":[{"name":"wp","href":"https:\/\/api.w.org\/{rel}","templated":true}]}}